{"id":472,"date":"2019-09-28T11:45:44","date_gmt":"2019-09-28T11:45:44","guid":{"rendered":"http:\/\/archewordpress.arche-ruethen.de\/?page_id=472"},"modified":"2025-11-26T17:19:58","modified_gmt":"2025-11-26T17:19:58","slug":"kita_elternbeirat","status":"publish","type":"page","link":"https:\/\/arche-ruethen.de\/?page_id=472","title":{"rendered":"kita_elternbeirat"},"content":{"rendered":"\t\t<div data-elementor-type=\"wp-post\" data-elementor-id=\"472\" class=\"elementor elementor-472\">\n\t\t\t\t\t\t<section class=\"elementor-section elementor-top-section elementor-element elementor-element-60221078 elementor-section-height-min-height elementor-section-boxed elementor-section-height-default elementor-section-items-middle\" data-id=\"60221078\" data-element_type=\"section\" data-e-type=\"section\" data-settings=\"{&quot;background_background&quot;:&quot;classic&quot;}\">\n\t\t\t\t\t\t\t<div class=\"elementor-background-overlay\"><\/div>\n\t\t\t\t\t\t\t<div class=\"elementor-container elementor-column-gap-default\">\n\t\t\t\t\t<div class=\"elementor-column elementor-col-50 elementor-top-column elementor-element elementor-element-46694d47\" data-id=\"46694d47\" data-element_type=\"column\" data-e-type=\"column\">\n\t\t\t<div class=\"elementor-widget-wrap elementor-element-populated\">\n\t\t\t\t\t\t<div class=\"elementor-element elementor-element-7f10ab02 elementor-widget elementor-widget-heading\" data-id=\"7f10ab02\" data-element_type=\"widget\" data-e-type=\"widget\" data-widget_type=\"heading.default\">\n\t\t\t\t<div class=\"elementor-widget-container\">\n\t\t\t\t\t<h2 class=\"elementor-heading-title elementor-size-large\">Kinder - Tagesst\u00e4tte.<\/h2>\t\t\t\t<\/div>\n\t\t\t\t<\/div>\n\t\t\t\t\t<\/div>\n\t\t<\/div>\n\t\t\t\t<div class=\"elementor-column elementor-col-50 elementor-top-column elementor-element elementor-element-244af122\" data-id=\"244af122\" data-element_type=\"column\" data-e-type=\"column\">\n\t\t\t<div class=\"elementor-widget-wrap elementor-element-populated\">\n\t\t\t\t\t\t<div class=\"elementor-element elementor-element-36589464 elementor-widget elementor-widget-image\" data-id=\"36589464\" data-element_type=\"widget\" data-e-type=\"widget\" data-widget_type=\"image.default\">\n\t\t\t\t<div class=\"elementor-widget-container\">\n\t\t\t\t\t\t\t\t\t\t\t\t\t\t\t<img decoding=\"async\" src=\"https:\/\/arche-ruethen.de\/wp-content\/uploads\/elementor\/thumbs\/arche_logo_gross-obfuavmwmx69equqe33ywysnwcdpml4fxj1kxhvjkg.jpg\" title=\"arche_logo_gross\" alt=\"arche_logo_gross\" class=\"elementor-animation-grow\" loading=\"lazy\" \/>\t\t\t\t\t\t\t\t\t\t\t\t\t\t\t<\/div>\n\t\t\t\t<\/div>\n\t\t\t\t\t<\/div>\n\t\t<\/div>\n\t\t\t\t\t<\/div>\n\t\t<\/section>\n\t\t\t\t<section class=\"elementor-section elementor-top-section elementor-element elementor-element-5c9f418f elementor-section-boxed elementor-section-height-default elementor-section-height-default\" data-id=\"5c9f418f\" data-element_type=\"section\" data-e-type=\"section\">\n\t\t\t\t\t\t<div class=\"elementor-container elementor-column-gap-wider\">\n\t\t\t\t\t<div class=\"elementor-column elementor-col-100 elementor-top-column elementor-element elementor-element-45e46632\" data-id=\"45e46632\" data-element_type=\"column\" data-e-type=\"column\" data-settings=\"{&quot;background_background&quot;:&quot;classic&quot;}\">\n\t\t\t<div class=\"elementor-widget-wrap elementor-element-populated\">\n\t\t\t\t\t\t<div class=\"elementor-element elementor-element-7ee38181 elementor-widget elementor-widget-image-box\" data-id=\"7ee38181\" data-element_type=\"widget\" data-e-type=\"widget\" data-widget_type=\"image-box.default\">\n\t\t\t\t<div class=\"elementor-widget-container\">\n\t\t\t\t\t<div class=\"elementor-image-box-wrapper\"><div class=\"elementor-image-box-content\"><h3 class=\"elementor-image-box-title\">Elternbeirat der Arche.<\/h3><\/div><\/div>\t\t\t\t<\/div>\n\t\t\t\t<\/div>\n\t\t\t\t<div class=\"elementor-element elementor-element-25d8ac5 elementor-widget elementor-widget-image\" data-id=\"25d8ac5\" data-element_type=\"widget\" data-e-type=\"widget\" data-widget_type=\"image.default\">\n\t\t\t\t<div class=\"elementor-widget-container\">\n\t\t\t\t\t\t\t\t\t\t\t\t\t\t\t<img fetchpriority=\"high\" decoding=\"async\" width=\"768\" height=\"504\" src=\"https:\/\/arche-ruethen.de\/wp-content\/uploads\/2025\/11\/IMG_1922-768x504.jpeg\" class=\"attachment-medium_large size-medium_large wp-image-1649\" alt=\"\" srcset=\"https:\/\/arche-ruethen.de\/wp-content\/uploads\/2025\/11\/IMG_1922-768x504.jpeg 768w, https:\/\/arche-ruethen.de\/wp-content\/uploads\/2025\/11\/IMG_1922-300x197.jpeg 300w, https:\/\/arche-ruethen.de\/wp-content\/uploads\/2025\/11\/IMG_1922-1024x671.jpeg 1024w, https:\/\/arche-ruethen.de\/wp-content\/uploads\/2025\/11\/IMG_1922-1536x1007.jpeg 1536w, https:\/\/arche-ruethen.de\/wp-content\/uploads\/2025\/11\/IMG_1922-2048x1343.jpeg 2048w\" sizes=\"(max-width: 768px) 100vw, 768px\" \/>\t\t\t\t\t\t\t\t\t\t\t\t\t\t\t<\/div>\n\t\t\t\t<\/div>\n\t\t\t\t<div class=\"elementor-element elementor-element-44d2fa0 elementor-widget elementor-widget-text-editor\" data-id=\"44d2fa0\" data-element_type=\"widget\" data-e-type=\"widget\" data-widget_type=\"text-editor.default\">\n\t\t\t\t<div class=\"elementor-widget-container\">\n\t\t\t\t\t\t\t\t\t<p>Liebe Eltern!<\/p><p>Wir, der Elternbeirat der Arche R\u00fcthen, freuen uns, Sie in unserer Einrichtung begr\u00fc\u00dfen zu d\u00fcrfen.<\/p><p>Wir sind Bindeglied zwischen den Eltern und der Einrichtungsleitung, aber auch zum Vorstand des Tr\u00e4gervereins.<\/p><p>Sollten Sie einmal Fragen, Anregungen oder Probleme haben, die Sie nicht direkt in der Arche kl\u00e4ren k\u00f6nnen, oder m\u00f6chten, sprechen Sie uns einfach an. Wir sind gern f\u00fcr Sie da.<\/p><p>\u00a0<\/p><p>PS.: Bei Bedarf k\u00f6nnen wir Ihre Interessen nat\u00fcrlich auch gern anonym vertreten.\u00a0<\/p><p>Herzliche Gr\u00fc\u00dfe,<\/p><p>der Elternbeirat.<\/p>\t\t\t\t\t\t\t\t<\/div>\n\t\t\t\t<\/div>\n\t\t\t\t\t<\/div>\n\t\t<\/div>\n\t\t\t\t\t<\/div>\n\t\t<\/section>\n\t\t\t\t<section class=\"elementor-section elementor-top-section elementor-element elementor-element-7a43a53 elementor-section-boxed elementor-section-height-default elementor-section-height-default\" data-id=\"7a43a53\" data-element_type=\"section\" data-e-type=\"section\">\n\t\t\t\t\t\t<div class=\"elementor-container elementor-column-gap-wider\">\n\t\t\t\t\t<div class=\"elementor-column elementor-col-100 elementor-top-column elementor-element elementor-element-1cf7e6c6\" data-id=\"1cf7e6c6\" data-element_type=\"column\" data-e-type=\"column\">\n\t\t\t<div class=\"elementor-widget-wrap elementor-element-populated\">\n\t\t\t\t\t\t<div class=\"elementor-element elementor-element-1d67ecf elementor-widget elementor-widget-image-box\" data-id=\"1d67ecf\" data-element_type=\"widget\" data-e-type=\"widget\" data-widget_type=\"image-box.default\">\n\t\t\t\t<div class=\"elementor-widget-container\">\n\t\t\t\t\t<div class=\"elementor-image-box-wrapper\"><div class=\"elementor-image-box-content\"><h3 class=\"elementor-image-box-title\">Hier k\u00f6nnen Sie sich ein Bild des Elternbeirats der Arche machen:<\/h3><\/div><\/div>\t\t\t\t<\/div>\n\t\t\t\t<\/div>\n\t\t\t\t<div class=\"elementor-element elementor-element-448a23c elementor-widget elementor-widget-image-gallery\" data-id=\"448a23c\" data-element_type=\"widget\" data-e-type=\"widget\" data-widget_type=\"image-gallery.default\">\n\t\t\t\t<div class=\"elementor-widget-container\">\n\t\t\t\t\t\t\t<div class=\"elementor-image-gallery\">\n\t\t\t\n\t\t<style type=\"text\/css\">\n\t\t\t#gallery-1 {\n\t\t\t\tmargin: auto;\n\t\t\t}\n\t\t\t#gallery-1 .gallery-item {\n\t\t\t\tfloat: left;\n\t\t\t\tmargin-top: 10px;\n\t\t\t\ttext-align: center;\n\t\t\t\twidth: 50%;\n\t\t\t}\n\t\t\t#gallery-1 img {\n\t\t\t\tborder: 2px solid #cfcfcf;\n\t\t\t}\n\t\t\t#gallery-1 .gallery-caption {\n\t\t\t\tmargin-left: 0;\n\t\t\t}\n\t\t\t\/* see gallery_shortcode() in wp-includes\/media.php *\/\n\t\t<\/style>\n\t\t<div id='gallery-1' class='gallery galleryid-472 gallery-columns-2 gallery-size-thumbnail'><dl class='gallery-item'>\n\t\t\t<dt class='gallery-icon portrait'>\n\t\t\t\t<a data-elementor-open-lightbox=\"yes\" data-elementor-lightbox-slideshow=\"448a23c\" data-elementor-lightbox-title=\"Katrin Mansfeld\" data-elementor-lightbox-description=\"Katrin Mansfeld\" data-e-action-hash=\"#elementor-action%3Aaction%3Dlightbox%26settings%3DeyJpZCI6MTY1NiwidXJsIjoiaHR0cHM6XC9cL2FyY2hlLXJ1ZXRoZW4uZGVcL3dwLWNvbnRlbnRcL3VwbG9hZHNcLzIwMjVcLzExXC9LYXRyaW4tTWFuc2ZlbGQuanBnIiwic2xpZGVzaG93IjoiNDQ4YTIzYyJ9\" href='https:\/\/arche-ruethen.de\/wp-content\/uploads\/2025\/11\/Katrin-Mansfeld.jpg'><img decoding=\"async\" width=\"150\" height=\"150\" src=\"https:\/\/arche-ruethen.de\/wp-content\/uploads\/2025\/11\/Katrin-Mansfeld-150x150.jpg\" class=\"attachment-thumbnail size-thumbnail\" alt=\"Katrin Mansfeld\" aria-describedby=\"gallery-1-1656\" srcset=\"https:\/\/arche-ruethen.de\/wp-content\/uploads\/2025\/11\/Katrin-Mansfeld-150x150.jpg 150w, https:\/\/arche-ruethen.de\/wp-content\/uploads\/2025\/11\/Katrin-Mansfeld-300x300.jpg 300w\" sizes=\"(max-width: 150px) 100vw, 150px\" \/><\/a>\n\t\t\t<\/dt>\n\t\t\t\t<dd class='wp-caption-text gallery-caption' id='gallery-1-1656'>\n\t\t\t\tKatrin Mansfeld (Obere Gruppe)\n\t\t\t\t<\/dd><\/dl><dl class='gallery-item'>\n\t\t\t<dt class='gallery-icon landscape'>\n\t\t\t\t<a data-elementor-open-lightbox=\"yes\" data-elementor-lightbox-slideshow=\"448a23c\" data-elementor-lightbox-title=\"Marina Rutkovski\" data-elementor-lightbox-description=\" Marina Rutkovski\" data-e-action-hash=\"#elementor-action%3Aaction%3Dlightbox%26settings%3DeyJpZCI6MTM5MiwidXJsIjoiaHR0cHM6XC9cL2FyY2hlLXJ1ZXRoZW4uZGVcL3dwLWNvbnRlbnRcL3VwbG9hZHNcLzIwMjNcLzExXC9tYXJpbmEtc2NhbGVkLmpwZWciLCJzbGlkZXNob3ciOiI0NDhhMjNjIn0%3D\" href='https:\/\/arche-ruethen.de\/wp-content\/uploads\/2023\/11\/marina-scaled.jpeg'><img decoding=\"async\" width=\"150\" height=\"150\" src=\"https:\/\/arche-ruethen.de\/wp-content\/uploads\/2023\/11\/marina-150x150.jpeg\" class=\"attachment-thumbnail size-thumbnail\" alt=\"Marina Rutkovski\" aria-describedby=\"gallery-1-1392\" srcset=\"https:\/\/arche-ruethen.de\/wp-content\/uploads\/2023\/11\/marina-150x150.jpeg 150w, https:\/\/arche-ruethen.de\/wp-content\/uploads\/2023\/11\/marina-300x300.jpeg 300w\" sizes=\"(max-width: 150px) 100vw, 150px\" \/><\/a>\n\t\t\t<\/dt>\n\t\t\t\t<dd class='wp-caption-text gallery-caption' id='gallery-1-1392'>\n\t\t\t\tMarina Rutkovski (Untere Gruppe)\n\t\t\t\t<\/dd><\/dl><br style=\"clear: both\" \/><dl class='gallery-item'>\n\t\t\t<dt class='gallery-icon portrait'>\n\t\t\t\t<a data-elementor-open-lightbox=\"yes\" data-elementor-lightbox-slideshow=\"448a23c\" data-elementor-lightbox-title=\"Nina Unterburger\" data-elementor-lightbox-description=\"Nina Unterburger \" data-e-action-hash=\"#elementor-action%3Aaction%3Dlightbox%26settings%3DeyJpZCI6MTY1NywidXJsIjoiaHR0cHM6XC9cL2FyY2hlLXJ1ZXRoZW4uZGVcL3dwLWNvbnRlbnRcL3VwbG9hZHNcLzIwMjVcLzExXC9OaW5hLVVudGVyYnVyZ2VyLmpwZyIsInNsaWRlc2hvdyI6IjQ0OGEyM2MifQ%3D%3D\" href='https:\/\/arche-ruethen.de\/wp-content\/uploads\/2025\/11\/Nina-Unterburger.jpg'><img loading=\"lazy\" decoding=\"async\" width=\"150\" height=\"150\" src=\"https:\/\/arche-ruethen.de\/wp-content\/uploads\/2025\/11\/Nina-Unterburger-150x150.jpg\" class=\"attachment-thumbnail size-thumbnail\" alt=\"Nina Unterburger\" aria-describedby=\"gallery-1-1657\" srcset=\"https:\/\/arche-ruethen.de\/wp-content\/uploads\/2025\/11\/Nina-Unterburger-150x150.jpg 150w, https:\/\/arche-ruethen.de\/wp-content\/uploads\/2025\/11\/Nina-Unterburger-300x300.jpg 300w\" sizes=\"(max-width: 150px) 100vw, 150px\" \/><\/a>\n\t\t\t<\/dt>\n\t\t\t\t<dd class='wp-caption-text gallery-caption' id='gallery-1-1657'>\n\t\t\t\tNina Unterburger (Untere Gruppe)\n\t\t\t\t<\/dd><\/dl><dl class='gallery-item'>\n\t\t\t<dt class='gallery-icon portrait'>\n\t\t\t\t<a data-elementor-open-lightbox=\"yes\" data-elementor-lightbox-slideshow=\"448a23c\" data-elementor-lightbox-title=\"Johanna Winkler\" data-elementor-lightbox-description=\"Johanna Winkler\" data-e-action-hash=\"#elementor-action%3Aaction%3Dlightbox%26settings%3DeyJpZCI6MTA5MywidXJsIjoiaHR0cHM6XC9cL2FyY2hlLXJ1ZXRoZW4uZGVcL3dwLWNvbnRlbnRcL3VwbG9hZHNcLzIwMjJcLzEwXC80MzNCMzZEMy00QjQ3LTRBQTktOTBGNC01RDYzNkM5Nzg4MEItc2NhbGVkLmpwZWciLCJzbGlkZXNob3ciOiI0NDhhMjNjIn0%3D\" href='https:\/\/arche-ruethen.de\/wp-content\/uploads\/2022\/10\/433B36D3-4B47-4AA9-90F4-5D636C97880B-scaled.jpeg'><img loading=\"lazy\" decoding=\"async\" width=\"150\" height=\"150\" src=\"https:\/\/arche-ruethen.de\/wp-content\/uploads\/2022\/10\/433B36D3-4B47-4AA9-90F4-5D636C97880B-150x150.jpeg\" class=\"attachment-thumbnail size-thumbnail\" alt=\"Johanna Winkler\" aria-describedby=\"gallery-1-1093\" srcset=\"https:\/\/arche-ruethen.de\/wp-content\/uploads\/2022\/10\/433B36D3-4B47-4AA9-90F4-5D636C97880B-150x150.jpeg 150w, https:\/\/arche-ruethen.de\/wp-content\/uploads\/2022\/10\/433B36D3-4B47-4AA9-90F4-5D636C97880B-300x300.jpeg 300w\" sizes=\"(max-width: 150px) 100vw, 150px\" \/><\/a>\n\t\t\t<\/dt>\n\t\t\t\t<dd class='wp-caption-text gallery-caption' id='gallery-1-1093'>\n\t\t\t\tJohanna Winkler (Obere Gruppe)\n\t\t\t\t<\/dd><\/dl><br style=\"clear: both\" \/>\n\t\t<\/div>\n\t\t<\/div>\n\t\t\t\t\t\t<\/div>\n\t\t\t\t<\/div>\n\t\t\t\t\t<\/div>\n\t\t<\/div>\n\t\t\t\t\t<\/div>\n\t\t<\/section>\n\t\t\t\t<\/div>\n\t\t","protected":false},"excerpt":{"rendered":"<p>Kinder &#8211; Tagesst\u00e4tte. Elternbeirat der Arche. Liebe Eltern! Wir, der Elternbeirat der Arche R\u00fcthen, freuen uns, Sie in unserer Einrichtung begr\u00fc\u00dfen zu d\u00fcrfen. Wir sind Bindeglied zwischen den Eltern und der Einrichtungsleitung, aber auch zum Vorstand des Tr\u00e4gervereins. Sollten Sie einmal Fragen, Anregungen oder Probleme haben, die Sie nicht direkt in der Arche kl\u00e4ren k\u00f6nnen, [&hellip;]<\/p>\n","protected":false},"author":1,"featured_media":0,"parent":242,"menu_order":0,"comment_status":"closed","ping_status":"closed","template":"elementor_header_footer","meta":{"footnotes":""},"class_list":["post-472","page","type-page","status-publish","hentry"],"_links":{"self":[{"href":"https:\/\/arche-ruethen.de\/index.php?rest_route=\/wp\/v2\/pages\/472","targetHints":{"allow":["GET"]}}],"collection":[{"href":"https:\/\/arche-ruethen.de\/index.php?rest_route=\/wp\/v2\/pages"}],"about":[{"href":"https:\/\/arche-ruethen.de\/index.php?rest_route=\/wp\/v2\/types\/page"}],"author":[{"embeddable":true,"href":"https:\/\/arche-ruethen.de\/index.php?rest_route=\/wp\/v2\/users\/1"}],"replies":[{"embeddable":true,"href":"https:\/\/arche-ruethen.de\/index.php?rest_route=%2Fwp%2Fv2%2Fcomments&post=472"}],"version-history":[{"count":51,"href":"https:\/\/arche-ruethen.de\/index.php?rest_route=\/wp\/v2\/pages\/472\/revisions"}],"predecessor-version":[{"id":1660,"href":"https:\/\/arche-ruethen.de\/index.php?rest_route=\/wp\/v2\/pages\/472\/revisions\/1660"}],"up":[{"embeddable":true,"href":"https:\/\/arche-ruethen.de\/index.php?rest_route=\/wp\/v2\/pages\/242"}],"wp:attachment":[{"href":"https:\/\/arche-ruethen.de\/index.php?rest_route=%2Fwp%2Fv2%2Fmedia&parent=472"}],"curies":[{"name":"wp","href":"https:\/\/api.w.org\/{rel}","templated":true}]}}